{"id":45,"date":"2022-06-24T17:13:22","date_gmt":"2022-06-24T17:13:22","guid":{"rendered":"https:\/\/optik-bergner.de\/?page_id=45"},"modified":"2023-06-09T10:20:25","modified_gmt":"2023-06-09T10:20:25","slug":"sehanalyse","status":"publish","type":"page","link":"https:\/\/optik-bergner.de\/?page_id=45","title":{"rendered":"Sehanalyse"},"content":{"rendered":"<div class=\"\" style=\"\" >\n    \n    <section class=\"u-align-center u-clearfix u-image u-shading u-section-2\" id=\"sec-dfc2\" data-image-width=\"1000\" data-image-height=\"667\" style=\"background-image: linear-gradient(0deg, rgba(0, 0, 0, 0.3), rgba(0, 0, 0, 0.3)), url(&quot;https:\/\/optik-bergner.de\/wp-content\/uploads\/2022\/06\/Stock_2020_Irisgrn_AdobeStock_263867068_icv2.tif.jpg&quot;);\">\n      <div class=\"u-clearfix u-sheet u-sheet-1\">\n        <h1 class=\"u-custom-font u-text u-text-1\">Seh-Analyse Experte<\/h1>\n      <\/div>\n    <\/section>\n    <section class=\"u-clearfix u-section-3\" id=\"carousel_b174\">\n      <div class=\"u-clearfix u-sheet u-sheet-1\">\n        <div class=\"u-clearfix u-expanded-width u-layout-custom-sm u-layout-custom-xs u-layout-wrap u-layout-wrap-1\">\n          <div class=\"u-layout\">\n            <div class=\"u-layout-row\">\n              <div class=\"u-container-style u-layout-cell u-size-29-lg u-size-29-md u-size-29-xl u-size-60-sm u-size-60-xs u-layout-cell-1\">\n                <div class=\"u-container-layout u-container-layout-1\">\n                  <h2 class=\"u-custom-font u-text u-text-1\">Sehanalyse&nbsp;<\/h2>\n                  <p class=\"u-text u-text-2\">Seit 2005 werden wir von der Firma Zeiss j\u00e4hrlich als \"Zeiss Vision Experte\" zertifiziert. Unsere Ausstattung erm\u00f6glicht uns exakte Augenmessungen, 25x genauer als herk\u00f6mmliche Messungen. Zu jeder Messung geh\u00f6rt bei uns die Kontrolle des Auges mit einem Spezialmikroskop, der sog. Spaltlampe. Zus\u00e4tzlich bieten wir die Messung des Augeninnendrucks an und haben mit einer dabei eingesetzten Kamera, die M\u00f6glichkeit, die Netzhaut Ihres Auges zu beobachten.<\/p>\n                  <a href=\"https:\/\/buchungv2.opaservice.de\/(S(prk4hnh40vwvzbxmbdlwrchp))\/default.aspx?k=0435\" class=\"u-btn u-btn-round u-button-style u-custom-color-1 u-hover-custom-color-2 u-radius-50 u-btn-1\" target=\"_blank\">Termin f\u00fcr sehanalySe<\/a>\n                <\/div>\n              <\/div>\n              <div class=\"u-container-style u-hidden-sm u-hidden-xs u-layout-cell u-size-31-lg u-size-31-md u-size-31-xl u-size-60-sm u-size-60-xs u-layout-cell-2\">\n                <div class=\"u-container-layout u-container-layout-2\">\n                  <img decoding=\"async\" class=\"u-expanded-width-xs u-image u-image-default u-image-1\" src=\"https:\/\/optik-bergner.de\/wp-content\/uploads\/2022\/06\/ZEISS_Vision_Experte_150dpi.jpg\" alt=\"\" data-image-width=\"1175\" data-image-height=\"561\">\n                <\/div>\n              <\/div>\n            <\/div>\n          <\/div>\n        <\/div>\n      <\/div>\n    <\/section>\n    <section class=\"u-clearfix u-section-4\" id=\"sec-d076\">\n      <div class=\"u-clearfix u-sheet u-valign-middle-sm u-valign-middle-xs u-sheet-1\">\n        <div class=\"u-clearfix u-expanded-width u-layout-wrap u-layout-wrap-1\">\n          <div class=\"u-layout\">\n            <div class=\"u-layout-row\">\n              <div class=\"u-container-style u-layout-cell u-size-30 u-layout-cell-1\">\n                <div class=\"u-container-layout u-valign-top-sm u-valign-top-xs u-container-layout-1\">\n                  <img decoding=\"async\" class=\"u-border-2 u-border-custom-color-1 u-expanded-width-sm u-expanded-width-xs u-image u-image-default u-image-1\" src=\"https:\/\/optik-bergner.de\/wp-content\/uploads\/2022\/06\/iProfilerplus_Seite_Messung_Kundin_72dpi.jpg\" alt=\"\" data-image-width=\"799\" data-image-height=\"1198\">\n                <\/div>\n              <\/div>\n              <div class=\"u-container-style u-layout-cell u-size-30 u-layout-cell-2\">\n                <div class=\"u-container-layout u-container-layout-2\">\n                  <h2 class=\"u-custom-font u-text u-text-1\"> Augenfitnessscreening<\/h2>\n                  <p class=\"u-text u-text-2\">Mit dem Augenfitnessscreening bieten wir Ihnen den Rundumschutz f\u00fcr Ihre Augen. Das Augenfitnessscreening beinhaltet die Messung des Augeninnendrucks, eine Messung Ihres Gesichtsfeldes, ein Screening Ihres Augenhintergrundes - der Netzhaut, eine Kontrolle der Augen bei der Sicht auf 3-Dimensionale Objekte sowie eine \u00dcberpr\u00fcfung der Augenbewegungen und das Zusammenspiel Ihrer Augen.<br>\n                  <\/p>\n                  <a href=\"https:\/\/buchungv2.opaservice.de\/(S(prk4hnh40vwvzbxmbdlwrchp))\/default.aspx?k=0435\" class=\"u-btn u-btn-round u-button-style u-custom-color-1 u-hover-custom-color-2 u-radius-50 u-btn-1\" target=\"_blank\">Zum Termin f\u00fcr Ihr Screening<\/a>\n                <\/div>\n              <\/div>\n            <\/div>\n          <\/div>\n        <\/div>\n      <\/div>\n    <\/section>\n    <section class=\"u-align-center u-clearfix u-custom-color-1 u-hidden u-section-5\" id=\"carousel_6e1d\">\n      <div class=\"u-clearfix u-sheet u-valign-middle-xs u-sheet-1\">\n        <div class=\"u-align-left u-container-style u-expanded-width-xs u-group u-group-1\">\n          <div class=\"u-container-layout u-valign-bottom-sm u-valign-bottom-xs u-valign-top-lg u-valign-top-md u-valign-top-xl u-container-layout-1\">\n            <h1 class=\"u-text u-text-1\">Digitale Brillenanpassung<\/h1>\n            <p class=\"u-text u-text-2\">Mit digitaler Brillenanpassung macht das Aussuchen der neuen Brille nun noch mehr Spa\u00df! Zudem bietet die digitale Anpassung einen riesigen Fundus an Fassungen.<\/p>\n            <a href=\"https:\/\/buchungv2.opaservice.de\/(S(prk4hnh40vwvzbxmbdlwrchp))\/default.aspx?k=0435\" class=\"u-border-none u-btn u-btn-round u-button-style u-hover-grey-5 u-radius-50 u-text-active-custom-color-1 u-text-custom-color-1 u-text-hover-custom-color-1 u-white u-btn-1\" target=\"_blank\">Termin f\u00fcr sehanalyse<\/a>\n          <\/div>\n        <\/div>\n        <div class=\"u-expanded-width-xs u-video u-video-contain u-video-1\">\n          <div class=\"embed-responsive embed-responsive-1\">\n            <iframe style=\"position: absolute;top: 0;left: 0;width: 100%;height: 100%;\" class=\"embed-responsive-item\" src=\"https:\/\/www.youtube.com\/embed\/BDohiKCxptI?mute=0&amp;showinfo=0&amp;controls=0&amp;start=0\" allowfullscreen=\"\" frameborder=\"0\"><\/iframe>\n          <\/div>\n        <\/div>\n      <\/div>\n    <\/section>\n    \n    \n  \n<\/div>","protected":false},"excerpt":{"rendered":"<p>Seh-Analyse Experte Sehanalyse&nbsp; Seit 2005 werden wir von der Firma Zeiss j\u00e4hrlich als &#8222;Zeiss Vision Experte&#8220; zertifiziert. Unsere Ausstattung erm\u00f6glicht uns exakte Augenmessungen, 25x genauer als herk\u00f6mmliche Messungen. Zu jeder Messung geh\u00f6rt bei uns die Kontrolle des Auges mit einem Spezialmikroskop, der sog. Spaltlampe. Zus\u00e4tzlich bieten wir die Messung des Augeninnendrucks an und haben mit [&hellip;]<\/p>\n","protected":false},"author":1,"featured_media":0,"parent":0,"menu_order":1,"comment_status":"closed","ping_status":"closed","template":"","meta":{"footnotes":""},"_links":{"self":[{"href":"https:\/\/optik-bergner.de\/index.php?rest_route=\/wp\/v2\/pages\/45"}],"collection":[{"href":"https:\/\/optik-bergner.de\/index.php?rest_route=\/wp\/v2\/pages"}],"about":[{"href":"https:\/\/optik-bergner.de\/index.php?rest_route=\/wp\/v2\/types\/page"}],"author":[{"embeddable":true,"href":"https:\/\/optik-bergner.de\/index.php?rest_route=\/wp\/v2\/users\/1"}],"replies":[{"embeddable":true,"href":"https:\/\/optik-bergner.de\/index.php?rest_route=%2Fwp%2Fv2%2Fcomments&post=45"}],"version-history":[{"count":4,"href":"https:\/\/optik-bergner.de\/index.php?rest_route=\/wp\/v2\/pages\/45\/revisions"}],"predecessor-version":[{"id":88,"href":"https:\/\/optik-bergner.de\/index.php?rest_route=\/wp\/v2\/pages\/45\/revisions\/88"}],"wp:attachment":[{"href":"https:\/\/optik-bergner.de\/index.php?rest_route=%2Fwp%2Fv2%2Fmedia&parent=45"}],"curies":[{"name":"wp","href":"https:\/\/api.w.org\/{rel}","templated":true}]}}