{"id":47,"date":"2022-06-24T17:13:24","date_gmt":"2022-06-24T17:13:24","guid":{"rendered":"https:\/\/optik-bergner.de\/?page_id=47"},"modified":"2022-08-25T09:41:18","modified_gmt":"2022-08-25T09:41:18","slug":"spezialsehhilfen","status":"publish","type":"page","link":"https:\/\/optik-bergner.de\/?page_id=47","title":{"rendered":"Spezialsehhilfen"},"content":{"rendered":"<div class=\"\" style=\"\" >\n    \n    <section class=\"u-clearfix u-image u-section-2\" id=\"sec-199d\" data-image-width=\"2673\" data-image-height=\"1951\" style=\"background-image: url(&quot;https:\/\/optik-bergner.de\/wp-content\/uploads\/2022\/06\/Lupenauswahl.jpg&quot;);\">\n      <div class=\"u-clearfix u-sheet u-sheet-1\"><\/div>\n    <\/section>\n    <section class=\"u-clearfix u-section-3\" id=\"sec-2836\">\n      <div class=\"u-clearfix u-sheet u-sheet-1\">\n        <div class=\"u-clearfix u-expanded-width u-gutter-100 u-layout-wrap u-layout-wrap-1\">\n          <div class=\"u-layout\">\n            <div class=\"u-layout-row\">\n              <div class=\"u-container-style u-layout-cell u-size-30-lg u-size-30-xl u-size-60-md u-size-60-sm u-size-60-xs u-layout-cell-1\">\n                <div class=\"u-container-layout u-valign-top-lg u-valign-top-xl u-container-layout-1\">\n                  <h1 class=\"u-text u-text-1\">Spezialsehhilfen<\/h1>\n                  <p class=\"u-text u-text-2\">In unserer Low-Vision-Abteilung finden Sie Spezialsehhilfen f\u00fcr Menschen mit besonderen Sehproblemen.<br>Dies umfasst die Unterst\u00fctzung bei Makuladegeneration, Cataract (Grauer Star), Glaucom (Gr\u00fcner Star) und verschiedenen anderen Augenerkrankungen oder Ver\u00e4nderungen.<br>Hierf\u00fcr pflegen wir auch eine besondere Zusammenarbeit mit dem Blinden- und Sehbehindertenverband. \n                  <\/p>\n                  <a href=\"https:\/\/buchungv2.opaservice.de\/(S(prk4hnh40vwvzbxmbdlwrchp))\/default.aspx?k=0435\" class=\"u-btn u-btn-round u-button-style u-custom-color-1 u-hover-custom-color-2 u-radius-50 u-btn-1\" target=\"_blank\">Termin vereinbaren<br>\n                  <\/a>\n                <\/div>\n              <\/div>\n              <div class=\"u-align-left u-container-style u-layout-cell u-size-30-lg u-size-30-xl u-size-60-md u-size-60-sm u-size-60-xs u-layout-cell-2\">\n                <div class=\"u-container-layout u-container-layout-2\"><\/div>\n              <\/div>\n            <\/div>\n          <\/div>\n        <\/div>\n        <div data-interval=\"5000\" data-u-ride=\"carousel\" class=\"u-carousel u-slider u-slider-1\" id=\"carousel-3617\">\n          <ol class=\"u-absolute-hcenter u-carousel-indicators u-carousel-indicators-1\">\n            <li data-u-target=\"#carousel-3617\" class=\"u-active u-active-grey-10 u-grey-30\" data-u-slide-to=\"0\"><\/li>\n            <li data-u-target=\"#carousel-3617\" class=\"u-active-grey-10 u-grey-30\" data-u-slide-to=\"1\"><\/li>\n          <\/ol>\n          <div class=\"u-carousel-inner\" role=\"listbox\">\n            <div class=\"u-active u-carousel-item u-container-style u-slide u-carousel-item-1\">\n              <div class=\"u-container-layout u-valign-middle-md u-valign-middle-sm u-valign-middle-xs u-container-layout-3\">\n                <img decoding=\"async\" src=\"https:\/\/optik-bergner.de\/wp-content\/uploads\/2022\/06\/DSC_0049.jpg\" alt=\"\" class=\"u-image u-image-default u-image-1\" data-image-width=\"6016\" data-image-height=\"4000\">\n              <\/div>\n            <\/div>\n            <div class=\"u-carousel-item u-container-style u-slide u-carousel-item-2\">\n              <div class=\"u-container-layout u-container-layout-4\">\n                <img decoding=\"async\" class=\"u-absolute-hcenter u-border-3 u-border-grey-75 u-expanded-height u-image u-image-default u-image-2\" src=\"https:\/\/optik-bergner.de\/wp-content\/uploads\/2022\/06\/20-067-00_370768ZertifikatLV-Spezialist_idruck.jpg\" alt=\"\" data-image-width=\"1132\" data-image-height=\"1600\">\n              <\/div>\n            <\/div>\n          <\/div>\n          <a class=\"u-absolute-vcenter u-carousel-control u-carousel-control-prev u-spacing-5 u-text-grey-30 u-carousel-control-1\" href=\"#carousel-3617\" role=\"button\" data-u-slide=\"prev\">\n            <span aria-hidden=\"true\">\n              <svg viewBox=\"0 0 477.175 477.175\"><path d=\"M145.188,238.575l215.5-215.5c5.3-5.3,5.3-13.8,0-19.1s-13.8-5.3-19.1,0l-225.1,225.1c-5.3,5.3-5.3,13.8,0,19.1l225.1,225\n                    c2.6,2.6,6.1,4,9.5,4s6.9-1.3,9.5-4c5.3-5.3,5.3-13.8,0-19.1L145.188,238.575z\"><\/path><\/svg>\n            <\/span>\n            <span class=\"sr-only\">Previous<\/span>\n          <\/a>\n          <a class=\"u-absolute-vcenter u-carousel-control u-carousel-control-next u-spacing-5 u-text-grey-30 u-carousel-control-2\" href=\"#carousel-3617\" role=\"button\" data-u-slide=\"next\">\n            <span aria-hidden=\"true\">\n              <svg viewBox=\"0 0 477.175 477.175\"><path d=\"M360.731,229.075l-225.1-225.1c-5.3-5.3-13.8-5.3-19.1,0s-5.3,13.8,0,19.1l215.5,215.5l-215.5,215.5\n                    c-5.3,5.3-5.3,13.8,0,19.1c2.6,2.6,6.1,4,9.5,4c3.4,0,6.9-1.3,9.5-4l225.1-225.1C365.931,242.875,365.931,234.275,360.731,229.075z\"><\/path><\/svg>\n            <\/span>\n            <span class=\"sr-only\">Next<\/span>\n          <\/a>\n        <\/div>\n      <\/div>\n    <\/section>\n    <section class=\"u-align-center u-clearfix u-section-4\" id=\"sec-68bb\">\n      <div class=\"u-clearfix u-sheet u-valign-top-lg u-sheet-1\">\n        <div class=\"u-shape u-shape-svg u-text-custom-color-1 u-shape-1\">\n          <svg class=\"u-svg-link\" preserveAspectRatio=\"none\" viewBox=\"0 0 160 48\" style=\"\"><use xmlns:xlink=\"http:\/\/www.w3.org\/1999\/xlink\" xlink:href=\"#svg-76ad\"><\/use><\/svg>\n          <svg class=\"u-svg-content\" viewBox=\"0 0 160 48\" x=\"0px\" y=\"0px\" id=\"svg-76ad\"><path d=\"M80,9.6c7.6,0,14.1,6.6,14.1,14.4S87.6,38.4,80,38.4S65.9,31.8,65.9,24S72.4,9.6,80,9.6 M80,0C67.1,0,56.5,10.8,56.5,24\n\tS67.1,48,80,48s23.5-10.8,23.5-24S92.9,0,80,0L80,0z M136.5,9.6c7.6,0,14.1,6.6,14.1,14.4s-6.5,14.4-14.1,14.4s-14.1-6.6-14.1-14.4\n\tS128.8,9.6,136.5,9.6 M136.5,0c-12.9,0-23.5,10.8-23.5,24s10.6,24,23.5,24c12.9,0,23.5-10.8,23.5-24S149.4,0,136.5,0L136.5,0z\n\t M23.5,9.6c7.6,0,14.1,6.6,14.1,14.4s-6.5,14.4-14.1,14.4S9.4,31.8,9.4,24S15.9,9.6,23.5,9.6 M23.5,0C10.6,0,0,10.8,0,24\n\ts10.6,24,23.5,24s23.5-10.8,23.5-24S36.4,0,23.5,0L23.5,0z\"><\/path><\/svg>\n        <\/div>\n      <\/div>\n    <\/section>\n    <section class=\"u-clearfix u-section-5\" id=\"sec-2ab4\">\n      <div class=\"u-clearfix u-sheet u-valign-middle-sm u-sheet-1\">\n        <h1 class=\"u-text u-text-default u-text-1\">Bildschirmleseger\u00e4te<br>\n        <\/h1>\n        <p class=\"u-text u-text-2\">F\u00fcr den besten Komfort beim Lesen trotz Beeintr\u00e4chtigung, bieten wir spezielle Bildschirmleseger\u00e4te, die das Lesen auch mit einer st\u00e4rkeren Sehschw\u00e4che erm\u00f6glichen.<\/p>\n        <img decoding=\"async\" class=\"u-image u-image-default u-image-1\" src=\"https:\/\/optik-bergner.de\/wp-content\/uploads\/2022\/06\/Bildschirmlesegeraet1.png\" alt=\"\" data-image-width=\"800\" data-image-height=\"533\">\n        <a href=\"https:\/\/buchungv2.opaservice.de\/(S(prk4hnh40vwvzbxmbdlwrchp))\/default.aspx?k=0435\" class=\"u-btn u-btn-round u-button-style u-custom-color-1 u-hover-custom-color-2 u-radius-50 u-btn-1\" target=\"_blank\">Jetzt beraten lassen<br>\n        <\/a>\n        <div class=\"u-custom-color-1 u-hidden-sm u-hidden-xs u-shape u-shape-circle u-shape-1\"><\/div>\n        <div class=\"u-custom-color-1 u-hidden-sm u-hidden-xs u-shape u-shape-circle u-shape-2\"><\/div>\n        <div class=\"u-custom-color-1 u-hidden-sm u-hidden-xs u-shape u-shape-circle u-shape-3\"><\/div>\n      <\/div>\n    <\/section>\n    \n    \n  \n<\/div>","protected":false},"excerpt":{"rendered":"<p>Spezialsehhilfen In unserer Low-Vision-Abteilung finden Sie Spezialsehhilfen f\u00fcr Menschen mit besonderen Sehproblemen.Dies umfasst die Unterst\u00fctzung bei Makuladegeneration, Cataract (Grauer Star), Glaucom (Gr\u00fcner Star) und verschiedenen anderen Augenerkrankungen oder Ver\u00e4nderungen.Hierf\u00fcr pflegen wir auch eine besondere Zusammenarbeit mit dem Blinden- und Sehbehindertenverband. Termin vereinbaren Previous Next Bildschirmleseger\u00e4te F\u00fcr den besten Komfort beim Lesen trotz Beeintr\u00e4chtigung, bieten wir [&hellip;]<\/p>\n","protected":false},"author":1,"featured_media":0,"parent":0,"menu_order":3,"comment_status":"closed","ping_status":"closed","template":"","meta":{"footnotes":""},"_links":{"self":[{"href":"https:\/\/optik-bergner.de\/index.php?rest_route=\/wp\/v2\/pages\/47"}],"collection":[{"href":"https:\/\/optik-bergner.de\/index.php?rest_route=\/wp\/v2\/pages"}],"about":[{"href":"https:\/\/optik-bergner.de\/index.php?rest_route=\/wp\/v2\/types\/page"}],"author":[{"embeddable":true,"href":"https:\/\/optik-bergner.de\/index.php?rest_route=\/wp\/v2\/users\/1"}],"replies":[{"embeddable":true,"href":"https:\/\/optik-bergner.de\/index.php?rest_route=%2Fwp%2Fv2%2Fcomments&post=47"}],"version-history":[{"count":2,"href":"https:\/\/optik-bergner.de\/index.php?rest_route=\/wp\/v2\/pages\/47\/revisions"}],"predecessor-version":[{"id":82,"href":"https:\/\/optik-bergner.de\/index.php?rest_route=\/wp\/v2\/pages\/47\/revisions\/82"}],"wp:attachment":[{"href":"https:\/\/optik-bergner.de\/index.php?rest_route=%2Fwp%2Fv2%2Fmedia&parent=47"}],"curies":[{"name":"wp","href":"https:\/\/api.w.org\/{rel}","templated":true}]}}