{"id":48,"date":"2022-06-24T17:13:25","date_gmt":"2022-06-24T17:13:25","guid":{"rendered":"https:\/\/optik-bergner.de\/?page_id=48"},"modified":"2026-03-27T10:35:20","modified_gmt":"2026-03-27T10:35:20","slug":"startseite","status":"publish","type":"page","link":"https:\/\/optik-bergner.de\/","title":{"rendered":"Startseite"},"content":{"rendered":"<div class=\"\" style=\"\" >\n    \n    <section class=\"u-align-center u-clearfix u-container-align-center u-valign-middle u-section-2\" id=\"carousel_8a1b\">\n      <div id=\"carousel-bad5\" data-interval=\"3000\" data-u-ride=\"carousel\" class=\"u-carousel u-carousel-duration-1250 u-carousel-fade u-expanded-width u-slider u-slider-1\" data-pause=\"hover\">\n        <ol class=\"u-absolute-hcenter u-carousel-indicators u-carousel-indicators-1\">\n          <li data-u-target=\"#carousel-bad5\" class=\"u-active u-active-grey-25 u-shape-circle u-white\" data-u-slide-to=\"0\" style=\"width: 10px; height: 10px;\"><\/li>\n          <li data-u-target=\"#carousel-bad5\" class=\"u-active-grey-25 u-shape-circle u-white\" data-u-slide-to=\"1\" style=\"width: 10px; height: 10px;\"><\/li>\n          <li data-u-target=\"#carousel-bad5\" class=\"u-active-grey-25 u-shape-circle u-white\" data-u-slide-to=\"2\" style=\"width: 10px; height: 10px;\"><\/li>\n        <\/ol>\n        <div class=\"u-carousel-inner\" role=\"listbox\">\n          <div class=\"test-slide u-active u-carousel-item u-container-style u-image u-slide u-image-1\" data-image-width=\"1600\" data-image-height=\"1064\" style=\"background-image: url(&quot;https:\/\/optik-bergner.de\/wp-content\/uploads\/2022\/06\/OptikBergnerauen.jpg&quot;);\">\n            <div class=\"u-container-layout u-container-layout-1\"><\/div>\n          <\/div>\n          <div class=\"u-align-left u-carousel-item u-container-align-left u-container-style u-image u-slide u-image-2\" data-image-width=\"6016\" data-image-height=\"4000\" style=\"background-image: url(&quot;https:\/\/optik-bergner.de\/wp-content\/uploads\/2022\/06\/OptikBergnerauen_verschwommen.jpg&quot;);\">\n            <div class=\"u-container-layout u-container-layout-2\"><\/div>\n          <\/div>\n          <div class=\"custom-expanded u-align-left u-carousel-item u-container-align-left u-container-style u-image u-slide u-image-3\" data-image-width=\"1600\" data-image-height=\"1064\" style=\"background-image: url(&quot;https:\/\/optik-bergner.de\/wp-content\/uploads\/2022\/06\/OptikBergnerauen_brille.jpg&quot;);\">\n            <div class=\"u-container-layout u-container-layout-3\"><\/div>\n          <\/div>\n        <\/div>\n        <a class=\"u-absolute-vcenter u-carousel-control u-carousel-control-prev u-spacing-12 u-text-body-alt-color u-text-hover-custom-color-1 u-carousel-control-1\" href=\"#carousel-bad5\" role=\"button\" data-u-slide=\"prev\"><span aria-hidden=\"true\">\n            <svg viewBox=\"0 0 477.175 477.175\"><path d=\"M145.188,238.575l215.5-215.5c5.3-5.3,5.3-13.8,0-19.1s-13.8-5.3-19.1,0l-225.1,225.1c-5.3,5.3-5.3,13.8,0,19.1l225.1,225\n\t\tc2.6,2.6,6.1,4,9.5,4s6.9-1.3,9.5-4c5.3-5.3,5.3-13.8,0-19.1L145.188,238.575z\"><\/path><\/svg><\/span><span class=\"sr-only\">\n            <svg viewBox=\"0 0 477.175 477.175\"><path d=\"M145.188,238.575l215.5-215.5c5.3-5.3,5.3-13.8,0-19.1s-13.8-5.3-19.1,0l-225.1,225.1c-5.3,5.3-5.3,13.8,0,19.1l225.1,225\n\t\tc2.6,2.6,6.1,4,9.5,4s6.9-1.3,9.5-4c5.3-5.3,5.3-13.8,0-19.1L145.188,238.575z\"><\/path><\/svg><\/span>\n        <\/a>\n        <a class=\"u-absolute-vcenter u-carousel-control u-carousel-control-next u-spacing-12 u-text-body-alt-color u-text-hover-custom-color-1 u-carousel-control-2\" href=\"#carousel-bad5\" role=\"button\" data-u-slide=\"next\"><span aria-hidden=\"true\">\n            <svg viewBox=\"0 0 477.175 477.175\"><path d=\"M360.731,229.075l-225.1-225.1c-5.3-5.3-13.8-5.3-19.1,0s-5.3,13.8,0,19.1l215.5,215.5l-215.5,215.5\n\t\tc-5.3,5.3-5.3,13.8,0,19.1c2.6,2.6,6.1,4,9.5,4c3.4,0,6.9-1.3,9.5-4l225.1-225.1C365.931,242.875,365.931,234.275,360.731,229.075z\"><\/path><\/svg><\/span><span class=\"sr-only\">\n            <svg viewBox=\"0 0 477.175 477.175\"><path d=\"M360.731,229.075l-225.1-225.1c-5.3-5.3-13.8-5.3-19.1,0s-5.3,13.8,0,19.1l215.5,215.5l-215.5,215.5\n\t\tc-5.3,5.3-5.3,13.8,0,19.1c2.6,2.6,6.1,4,9.5,4c3.4,0,6.9-1.3,9.5-4l225.1-225.1C365.931,242.875,365.931,234.275,360.731,229.075z\"><\/path><\/svg><\/span>\n        <\/a>\n      <\/div>\n    <\/section>\n    <section class=\"u-align-center u-clearfix u-section-3\" id=\"block-1\">\n      <div class=\"u-clearfix u-sheet u-valign-middle-lg u-valign-middle-md u-valign-middle-sm u-valign-middle-xs u-sheet-1\">\n        <h2 class=\"u-text u-text-default u-text-1\">Am Freitag, dem 15. Mai 2026, bleibt unser Gesch\u00e4ft geschlossen!<\/h2>\n      <\/div>\n    <\/section>\n    <section class=\"u-clearfix u-lightbox u-section-4\" id=\"sec-5db8\">\n      <div class=\"u-clearfix u-sheet u-valign-middle-sm u-valign-middle-xs u-sheet-1\">\n        <div class=\"data-layout-selected u-clearfix u-expanded-width u-gutter-0 u-layout-wrap u-layout-wrap-1\">\n          <div class=\"u-layout\">\n            <div class=\"u-layout-row\">\n              <div class=\"u-container-style u-layout-cell u-size-30 u-layout-cell-1\">\n                <div class=\"u-container-layout u-valign-bottom-sm u-valign-bottom-xs u-valign-top-lg u-valign-top-md u-valign-top-xl u-container-layout-1\">\n                  <h1 class=\"u-custom-font u-text u-text-1\">Optik Bergner e.K.&nbsp;<\/h1>\n                  <div class=\"u-border-3 u-border-custom-color-1 u-line u-line-horizontal u-line-1\"><\/div>\n                  <p class=\"u-text u-text-2\"><span style=\"font-size: 1.25rem;\">Herzlich Willkommen bei Optik Bergner in Cloppenburg - <span style=\"font-weight: 700;\">Ihrem Zentrum f\u00fcr gutes Sehen<\/span><\/span>\n                    <br>\n                  <\/p>\n                  <p class=\"u-text u-text-3\">Als Zentrum f\u00fcr gutes Sehen in Cloppenburg, bieten wir seit 1973 <span style=\"font-weight: 700;\">hochklassige<\/span><span style=\"font-weight: 700;\">Beratung<\/span> in Kombination mit <span style=\"font-weight: 700;\">qualitativen<\/span> Produkten wie&nbsp;&nbsp;<span style=\"font-weight: 700;\">Brillen<span style=\"font-weight: 400;\">,<\/span><\/span><span style=\"font-weight: 700;\">Kontaklinsen<\/span>&nbsp;und&nbsp;<span style=\"font-weight: 700;\">Spezialsehhilfen<\/span> f\u00fcr <span style=\"font-weight: 700;\"><span style=\"font-weight: 400;\">alle<\/span><span style=\"font-weight: 400;\">Bereiche<\/span><\/span>. Seit dem Sommer 2014 sind wir in der Eschstra\u00dfe 4 in Cloppenburg ans\u00e4ssig und geh\u00f6ren zu den am besten ausgestatteten Optikern Deutschlands. Unser Fokus ist die&nbsp;Qualit\u00e4t der Beratung&nbsp;und unserer Produkte. Als Zentrum f\u00fcr gutes Sehen in Cloppenburg bieten wir&nbsp;hochklassige Brillenmodelle sowie<br>Spezialsehhilfen.&nbsp;<br>F\u00fcr Ihre Beratung w\u00fcrden wir uns gerne Zeit nehmen, vereinbaren Sie einfach einen Termin. \n                  <\/p>\n                  <a href=\"https:\/\/buchungv2.opaservice.de\/(S(prk4hnh40vwvzbxmbdlwrchp))\/default.aspx?k=0435\" class=\"u-btn u-btn-round u-button-style u-custom-color-1 u-hover-custom-color-2 u-radius-50 u-btn-1\" target=\"_blank\">online Termin vereinbaren<br>\n                  <\/a>\n                <\/div>\n              <\/div>\n              <div class=\"u-container-style u-layout-cell u-size-30 u-layout-cell-2\">\n                <div class=\"u-container-layout u-valign-middle-lg u-valign-middle-md u-valign-middle-xl u-valign-top-sm u-valign-top-xs u-container-layout-2\">\n                  <div class=\"u-align-left u-video u-video-contain u-video-1\">\n                    <div class=\"embed-responsive embed-responsive-1\">\n                      <iframe style=\"position: absolute;top: 0;left: 0;width: 100%;height: 100%;\" class=\"embed-responsive-item\" src=\"https:\/\/www.youtube.com\/embed\/nDpdjFimZY8?mute=0&amp;showinfo=1&amp;controls=0&amp;start=0\" frameborder=\"0\" allowfullscreen=\"\"><\/iframe>\n                    <\/div>\n                  <\/div>\n                <\/div>\n              <\/div>\n            <\/div>\n          <\/div>\n        <\/div>\n      <\/div>\n    <\/section>\n    <section class=\"u-clearfix u-section-5\" id=\"sec-0b0a\">\n      <div class=\"u-clearfix u-sheet u-sheet-1\">\n        <div class=\"u-shape u-shape-svg u-text-custom-color-1 u-shape-1\">\n          <svg class=\"u-svg-link\" preserveAspectRatio=\"none\" viewBox=\"0 0 160 48\" style=\"\"><use xmlns:xlink=\"http:\/\/www.w3.org\/1999\/xlink\" xlink:href=\"#svg-8065\"><\/use><\/svg>\n          <svg class=\"u-svg-content\" viewBox=\"0 0 160 48\" x=\"0px\" y=\"0px\" id=\"svg-8065\"><path d=\"M80,9.6c7.6,0,14.1,6.6,14.1,14.4S87.6,38.4,80,38.4S65.9,31.8,65.9,24S72.4,9.6,80,9.6 M80,0C67.1,0,56.5,10.8,56.5,24\n\tS67.1,48,80,48s23.5-10.8,23.5-24S92.9,0,80,0L80,0z M136.5,9.6c7.6,0,14.1,6.6,14.1,14.4s-6.5,14.4-14.1,14.4s-14.1-6.6-14.1-14.4\n\tS128.8,9.6,136.5,9.6 M136.5,0c-12.9,0-23.5,10.8-23.5,24s10.6,24,23.5,24c12.9,0,23.5-10.8,23.5-24S149.4,0,136.5,0L136.5,0z\n\t M23.5,9.6c7.6,0,14.1,6.6,14.1,14.4s-6.5,14.4-14.1,14.4S9.4,31.8,9.4,24S15.9,9.6,23.5,9.6 M23.5,0C10.6,0,0,10.8,0,24\n\ts10.6,24,23.5,24s23.5-10.8,23.5-24S36.4,0,23.5,0L23.5,0z\"><\/path><\/svg>\n        <\/div>\n        <div class=\"u-clearfix u-layout-wrap u-layout-wrap-1\">\n          <div class=\"u-gutter-0 u-layout\">\n            <div class=\"u-layout-row\">\n              <div class=\"u-container-style u-layout-cell u-size-30 u-layout-cell-1\">\n                <div class=\"u-container-layout u-container-layout-1\">\n                  <p class=\"u-text u-text-1\"><span style=\"font-size: 1.0625rem;\">Dirk Bergner<\/span>\n                    <br><span style=\"font-size: 17px;\">Staatl. anerk. Augenoptiker &amp; Augenoptikermeister<\/span>\n                    <br><span style=\"font-size: 1.0625rem;\">Eschstra\u00dfe 4<br>49661 Cloppenburg<br>Tel.: 04471\/4271<br>E-Mail:&nbsp;<a href=\"mailto:info@optik-bergner.de\" class=\"u-active-none u-border-none u-btn u-button-link u-button-style u-hover-none u-none u-text-palette-1-base u-btn-1\">info@optik-bergner.de<\/a><\/span>\n                    <br>\n                    <br>\n                  <\/p>\n                <\/div>\n              <\/div>\n              <div class=\"u-container-style u-layout-cell u-size-30 u-layout-cell-2\">\n                <div class=\"u-container-layout u-valign-middle-sm u-valign-middle-xs u-container-layout-2\">\n                  <p class=\"u-text u-text-2\"><span style=\"font-size: 1.0625rem;\">Unsere \u00d6ffnungszeiten<br>Montag bis Freitag<br>9:00 Uhr - 18:00 Uhr<br>\n                      <br>\n                      <br><\/span>\n                  <\/p>\n                <\/div>\n              <\/div>\n            <\/div>\n          <\/div>\n        <\/div>\n      <\/div>\n    <\/section>\n    <section class=\"u-clearfix u-hidden-lg u-hidden-md u-hidden-sm u-hidden-xs u-section-6\" id=\"sec-adec\">\n      <div class=\"u-clearfix u-sheet u-valign-middle-lg u-valign-middle-md u-valign-middle-sm u-valign-middle-xs u-sheet-1\">\n        <h2 class=\"u-text u-text-1\">Besuchen Sie uns schon jetzt online!<\/h2>\n        <div class=\"u-border-3 u-border-custom-color-1 u-line u-line-horizontal u-line-1\"><\/div>\n        <div class=\"u-clearfix u-custom-html u-expanded-width u-custom-html-1\">\n          <iframe loading=\"lazy\" src=\"https:\/\/www.google.com\/maps\/embed?pb=!4v1676825636666!6m8!1m7!1sCAoSLEFGMVFpcFBzbUs3N2lpRE9PeHhaUlFLY2hNVVJCZ3FmTTRqZ0ZQTFIzbTQ0!2m2!1d52.844000426931!2d8.0430306179474!3f304.1064936486497!4f-0.8715946328594697!5f0.7820865974627469\" frameborder=\"0\" style=\"overflow:hidden;overflow-x:hidden;overflow-y:hidden;height:100%;width:100%;position:absolute;top:0px;left:0px;right:0px;bottom:0px\" height=\"100%\" width=\"100%\"><\/iframe>\n        <\/div>\n        <div class=\"u-shape u-shape-svg u-text-custom-color-1 u-shape-1\">\n          <svg class=\"u-svg-link\" preserveAspectRatio=\"none\" viewBox=\"0 0 160 48\" style=\"\"><use xmlns:xlink=\"http:\/\/www.w3.org\/1999\/xlink\" xlink:href=\"#svg-5740\"><\/use><\/svg>\n          <svg class=\"u-svg-content\" viewBox=\"0 0 160 48\" x=\"0px\" y=\"0px\" id=\"svg-5740\"><path d=\"M80,9.6c7.6,0,14.1,6.6,14.1,14.4S87.6,38.4,80,38.4S65.9,31.8,65.9,24S72.4,9.6,80,9.6 M80,0C67.1,0,56.5,10.8,56.5,24\n\tS67.1,48,80,48s23.5-10.8,23.5-24S92.9,0,80,0L80,0z M136.5,9.6c7.6,0,14.1,6.6,14.1,14.4s-6.5,14.4-14.1,14.4s-14.1-6.6-14.1-14.4\n\tS128.8,9.6,136.5,9.6 M136.5,0c-12.9,0-23.5,10.8-23.5,24s10.6,24,23.5,24c12.9,0,23.5-10.8,23.5-24S149.4,0,136.5,0L136.5,0z\n\t M23.5,9.6c7.6,0,14.1,6.6,14.1,14.4s-6.5,14.4-14.1,14.4S9.4,31.8,9.4,24S15.9,9.6,23.5,9.6 M23.5,0C10.6,0,0,10.8,0,24\n\ts10.6,24,23.5,24s23.5-10.8,23.5-24S36.4,0,23.5,0L23.5,0z\"><\/path><\/svg>\n        <\/div>\n      <\/div>\n    <\/section>\n    <section class=\"u-clearfix u-hidden-lg u-hidden-md u-hidden-xl u-hidden-xs u-section-7\" id=\"sec-7068\">\n      <div class=\"u-clearfix u-sheet u-valign-middle-lg u-valign-middle-md u-sheet-1\">\n        <h2 class=\"u-text u-text-1\">Besuchen Sie uns schon jetzt online!<\/h2>\n        <div class=\"u-border-3 u-border-custom-color-1 u-line u-line-horizontal u-line-1\"><\/div>\n        <div class=\"u-clearfix u-custom-html u-expanded-width u-custom-html-1\">\n          <iframe loading=\"lazy\" src=\"https:\/\/www.google.com\/maps\/embed?pb=!4v1676825636666!6m8!1m7!1sCAoSLEFGMVFpcFBzbUs3N2lpRE9PeHhaUlFLY2hNVVJCZ3FmTTRqZ0ZQTFIzbTQ0!2m2!1d52.844000426931!2d8.0430306179474!3f304.1064936486497!4f-0.8715946328594697!5f0.7820865974627469\" frameborder=\"0\" style=\"overflow:hidden;overflow-x:hidden;overflow-y:hidden;height:100%;width:100%;position:absolute;top:0px;left:0px;right:0px;bottom:0px\" height=\"100%\" width=\"100%\"><\/iframe>\n        <\/div>\n        <div class=\"u-shape u-shape-svg u-text-custom-color-1 u-shape-1\">\n          <svg class=\"u-svg-link\" preserveAspectRatio=\"none\" viewBox=\"0 0 160 48\" style=\"\"><use xmlns:xlink=\"http:\/\/www.w3.org\/1999\/xlink\" xlink:href=\"#svg-5740\"><\/use><\/svg>\n          <svg class=\"u-svg-content\" viewBox=\"0 0 160 48\" x=\"0px\" y=\"0px\" id=\"svg-5740\"><path d=\"M80,9.6c7.6,0,14.1,6.6,14.1,14.4S87.6,38.4,80,38.4S65.9,31.8,65.9,24S72.4,9.6,80,9.6 M80,0C67.1,0,56.5,10.8,56.5,24\n\tS67.1,48,80,48s23.5-10.8,23.5-24S92.9,0,80,0L80,0z M136.5,9.6c7.6,0,14.1,6.6,14.1,14.4s-6.5,14.4-14.1,14.4s-14.1-6.6-14.1-14.4\n\tS128.8,9.6,136.5,9.6 M136.5,0c-12.9,0-23.5,10.8-23.5,24s10.6,24,23.5,24c12.9,0,23.5-10.8,23.5-24S149.4,0,136.5,0L136.5,0z\n\t M23.5,9.6c7.6,0,14.1,6.6,14.1,14.4s-6.5,14.4-14.1,14.4S9.4,31.8,9.4,24S15.9,9.6,23.5,9.6 M23.5,0C10.6,0,0,10.8,0,24\n\ts10.6,24,23.5,24s23.5-10.8,23.5-24S36.4,0,23.5,0L23.5,0z\"><\/path><\/svg>\n        <\/div>\n      <\/div>\n    <\/section>\n    <section class=\"u-clearfix u-hidden-md u-hidden-sm u-hidden-xl u-hidden-xs u-section-8\" id=\"sec-e7f4\">\n      <div class=\"u-clearfix u-sheet u-sheet-1\">\n        <h2 class=\"u-text u-text-1\">Besuchen Sie uns schon jetzt online!<\/h2>\n        <div class=\"u-border-3 u-border-custom-color-1 u-line u-line-horizontal u-line-1\"><\/div>\n        <div class=\"u-clearfix u-custom-html u-expanded-width u-custom-html-1\">\n          <iframe loading=\"lazy\" src=\"https:\/\/www.google.com\/maps\/embed?pb=!4v1676825636666!6m8!1m7!1sCAoSLEFGMVFpcFBzbUs3N2lpRE9PeHhaUlFLY2hNVVJCZ3FmTTRqZ0ZQTFIzbTQ0!2m2!1d52.844000426931!2d8.0430306179474!3f304.1064936486497!4f-0.8715946328594697!5f0.7820865974627469\" frameborder=\"0\" style=\"overflow:hidden;overflow-x:hidden;overflow-y:hidden;height:100%;width:100%;position:absolute;top:0px;left:0px;right:0px;bottom:0px\" height=\"100%\" width=\"100%\"><\/iframe>\n        <\/div>\n        <div class=\"u-shape u-shape-svg u-text-custom-color-1 u-shape-1\">\n          <svg class=\"u-svg-link\" preserveAspectRatio=\"none\" viewBox=\"0 0 160 48\" style=\"\"><use xmlns:xlink=\"http:\/\/www.w3.org\/1999\/xlink\" xlink:href=\"#svg-5740\"><\/use><\/svg>\n          <svg class=\"u-svg-content\" viewBox=\"0 0 160 48\" x=\"0px\" y=\"0px\" id=\"svg-5740\"><path d=\"M80,9.6c7.6,0,14.1,6.6,14.1,14.4S87.6,38.4,80,38.4S65.9,31.8,65.9,24S72.4,9.6,80,9.6 M80,0C67.1,0,56.5,10.8,56.5,24\n\tS67.1,48,80,48s23.5-10.8,23.5-24S92.9,0,80,0L80,0z M136.5,9.6c7.6,0,14.1,6.6,14.1,14.4s-6.5,14.4-14.1,14.4s-14.1-6.6-14.1-14.4\n\tS128.8,9.6,136.5,9.6 M136.5,0c-12.9,0-23.5,10.8-23.5,24s10.6,24,23.5,24c12.9,0,23.5-10.8,23.5-24S149.4,0,136.5,0L136.5,0z\n\t M23.5,9.6c7.6,0,14.1,6.6,14.1,14.4s-6.5,14.4-14.1,14.4S9.4,31.8,9.4,24S15.9,9.6,23.5,9.6 M23.5,0C10.6,0,0,10.8,0,24\n\ts10.6,24,23.5,24s23.5-10.8,23.5-24S36.4,0,23.5,0L23.5,0z\"><\/path><\/svg>\n        <\/div>\n      <\/div>\n    <\/section>\n    <section class=\"u-clearfix u-hidden-lg u-hidden-sm u-hidden-xl u-hidden-xs u-section-9\" id=\"sec-d25d\">\n      <div class=\"u-clearfix u-sheet u-valign-middle-lg u-sheet-1\">\n        <h2 class=\"u-text u-text-1\">Besuchen Sie uns schon jetzt online!<\/h2>\n        <div class=\"u-border-3 u-border-custom-color-1 u-line u-line-horizontal u-line-1\"><\/div>\n        <div class=\"u-clearfix u-custom-html u-expanded-width-lg u-expanded-width-xl u-custom-html-1\">\n          <iframe loading=\"lazy\" src=\"https:\/\/www.google.com\/maps\/embed?pb=!4v1676825636666!6m8!1m7!1sCAoSLEFGMVFpcFBzbUs3N2lpRE9PeHhaUlFLY2hNVVJCZ3FmTTRqZ0ZQTFIzbTQ0!2m2!1d52.844000426931!2d8.0430306179474!3f304.1064936486497!4f-0.8715946328594697!5f0.7820865974627469\" frameborder=\"0\" style=\"overflow:hidden;overflow-x:hidden;overflow-y:hidden;height:100%;width:100%;position:absolute;top:0px;left:0px;right:0px;bottom:0px\" height=\"100%\" width=\"100%\"><\/iframe>\n        <\/div>\n        <div class=\"u-shape u-shape-svg u-text-custom-color-1 u-shape-1\">\n          <svg class=\"u-svg-link\" preserveAspectRatio=\"none\" viewBox=\"0 0 160 48\" style=\"\"><use xmlns:xlink=\"http:\/\/www.w3.org\/1999\/xlink\" xlink:href=\"#svg-5740\"><\/use><\/svg>\n          <svg class=\"u-svg-content\" viewBox=\"0 0 160 48\" x=\"0px\" y=\"0px\" id=\"svg-5740\"><path d=\"M80,9.6c7.6,0,14.1,6.6,14.1,14.4S87.6,38.4,80,38.4S65.9,31.8,65.9,24S72.4,9.6,80,9.6 M80,0C67.1,0,56.5,10.8,56.5,24\n\tS67.1,48,80,48s23.5-10.8,23.5-24S92.9,0,80,0L80,0z M136.5,9.6c7.6,0,14.1,6.6,14.1,14.4s-6.5,14.4-14.1,14.4s-14.1-6.6-14.1-14.4\n\tS128.8,9.6,136.5,9.6 M136.5,0c-12.9,0-23.5,10.8-23.5,24s10.6,24,23.5,24c12.9,0,23.5-10.8,23.5-24S149.4,0,136.5,0L136.5,0z\n\t M23.5,9.6c7.6,0,14.1,6.6,14.1,14.4s-6.5,14.4-14.1,14.4S9.4,31.8,9.4,24S15.9,9.6,23.5,9.6 M23.5,0C10.6,0,0,10.8,0,24\n\ts10.6,24,23.5,24s23.5-10.8,23.5-24S36.4,0,23.5,0L23.5,0z\"><\/path><\/svg>\n        <\/div>\n      <\/div>\n    <\/section>\n    <section class=\"u-clearfix u-hidden-lg u-hidden-md u-hidden-sm u-hidden-xl u-section-10\" id=\"sec-2b65\">\n      <div class=\"u-clearfix u-sheet u-valign-middle-lg u-valign-middle-md u-valign-middle-sm u-sheet-1\">\n        <h2 class=\"u-text u-text-1\">Besuchen Sie uns schon jetzt online!<\/h2>\n        <div class=\"u-border-3 u-border-custom-color-1 u-line u-line-horizontal u-line-1\"><\/div>\n        <div class=\"u-clearfix u-custom-html u-expanded-width u-custom-html-1\">\n          <iframe loading=\"lazy\" src=\"https:\/\/www.google.com\/maps\/embed?pb=!4v1676825636666!6m8!1m7!1sCAoSLEFGMVFpcFBzbUs3N2lpRE9PeHhaUlFLY2hNVVJCZ3FmTTRqZ0ZQTFIzbTQ0!2m2!1d52.844000426931!2d8.0430306179474!3f304.1064936486497!4f-0.8715946328594697!5f0.7820865974627469\" frameborder=\"0\" style=\"overflow:hidden;overflow-x:hidden;overflow-y:hidden;height:100%;width:100%;position:absolute;top:0px;left:0px;right:0px;bottom:0px\" height=\"100%\" width=\"100%\"><\/iframe>\n        <\/div>\n        <div class=\"u-shape u-shape-svg u-text-custom-color-1 u-shape-1\">\n          <svg class=\"u-svg-link\" preserveAspectRatio=\"none\" viewBox=\"0 0 160 48\" style=\"\"><use xmlns:xlink=\"http:\/\/www.w3.org\/1999\/xlink\" xlink:href=\"#svg-5740\"><\/use><\/svg>\n          <svg class=\"u-svg-content\" viewBox=\"0 0 160 48\" x=\"0px\" y=\"0px\" id=\"svg-5740\"><path d=\"M80,9.6c7.6,0,14.1,6.6,14.1,14.4S87.6,38.4,80,38.4S65.9,31.8,65.9,24S72.4,9.6,80,9.6 M80,0C67.1,0,56.5,10.8,56.5,24\n\tS67.1,48,80,48s23.5-10.8,23.5-24S92.9,0,80,0L80,0z M136.5,9.6c7.6,0,14.1,6.6,14.1,14.4s-6.5,14.4-14.1,14.4s-14.1-6.6-14.1-14.4\n\tS128.8,9.6,136.5,9.6 M136.5,0c-12.9,0-23.5,10.8-23.5,24s10.6,24,23.5,24c12.9,0,23.5-10.8,23.5-24S149.4,0,136.5,0L136.5,0z\n\t M23.5,9.6c7.6,0,14.1,6.6,14.1,14.4s-6.5,14.4-14.1,14.4S9.4,31.8,9.4,24S15.9,9.6,23.5,9.6 M23.5,0C10.6,0,0,10.8,0,24\n\ts10.6,24,23.5,24s23.5-10.8,23.5-24S36.4,0,23.5,0L23.5,0z\"><\/path><\/svg>\n        <\/div>\n      <\/div>\n    <\/section>\n    <section class=\"u-clearfix u-grey-5 u-section-11\" id=\"sec-ed06\">\n      <div class=\"u-clearfix u-sheet u-sheet-1\">\n        <div class=\"u-clearfix u-expanded-width u-layout-wrap u-layout-wrap-1\">\n          <div class=\"u-layout\">\n            <div class=\"u-layout-row\">\n              <div class=\"u-align-left u-container-align-left u-container-style u-layout-cell u-left-cell u-size-30 u-layout-cell-1\">\n                <div class=\"u-container-layout u-container-layout-1\">\n                  <h2 class=\"u-text u-text-custom-color-1 u-text-1\">Jetzt onlin<span style=\"font-weight: 700;\"><\/span>e Termin vereinbaren. \n                  <\/h2>\n                  <p class=\"u-text u-text-2\">Eschstra\u00dfe 4<br>49661 Cloppenburg<br>Tel.: 04471 \/ 4271<br>Mail: info@optik-bergner.de \n                  <\/p>\n                  <a href=\"https:\/\/buchungv2.opaservice.de\/(S(prk4hnh40vwvzbxmbdlwrchp))\/default.aspx?k=0435\" class=\"u-btn u-btn-round u-button-style u-custom-color-1 u-hover-custom-color-2 u-radius-50 u-btn-1\" target=\"_blank\">Termin vereinbaren<br>\n                  <\/a>\n                <\/div>\n              <\/div>\n              <div class=\"u-container-style u-layout-cell u-right-cell u-size-30 u-layout-cell-2\">\n                <div class=\"u-container-layout u-container-layout-2\">\n                  <div class=\"u-expanded u-grey-10 u-map\">\n                    <div class=\"embed-responsive\">\n                      <iframe class=\"embed-responsive-item\" src=\"\/\/maps.google.com\/maps?output=embed&amp;q=Eschstra%C3%9Fe%204%2C%2049661%20Cloppenburg&amp;t=m\" data-map=\"JTdCJTIyYWRkcmVzcyUyMiUzQSUyMkVzY2hzdHJhJUMzJTlGZSUyMDQlMkMlMjA0OTY2MSUyMENsb3BwZW5idXJnJTIyJTJDJTIyem9vbSUyMiUzQW51bGwlMkMlMjJ0eXBlSWQlMjIlM0ElMjJyb2FkJTIyJTJDJTIybGFuZyUyMiUzQW51bGwlMkMlMjJhcGlLZXklMjIlM0FudWxsJTJDJTIybWFya2VycyUyMiUzQSU1QiU1RCU3RA==\"><\/iframe>\n                    <\/div>\n                  <\/div>\n                <\/div>\n              <\/div>\n            <\/div>\n          <\/div>\n        <\/div>\n      <\/div>\n    <\/section>\n    \n    \n    \n    \n  \n<\/div>","protected":false},"excerpt":{"rendered":"<p>Am Freitag, dem 15. Mai 2026, bleibt unser Gesch\u00e4ft geschlossen! Optik Bergner e.K.&nbsp; Herzlich Willkommen bei Optik Bergner in Cloppenburg &#8211; Ihrem Zentrum f\u00fcr gutes Sehen Als Zentrum f\u00fcr gutes Sehen in Cloppenburg, bieten wir seit 1973 hochklassigeBeratung in Kombination mit qualitativen Produkten wie&nbsp;&nbsp;Brillen,Kontaklinsen&nbsp;und&nbsp;Spezialsehhilfen f\u00fcr alleBereiche. Seit dem Sommer 2014 sind wir in der Eschstra\u00dfe [&hellip;]<\/p>\n","protected":false},"author":1,"featured_media":0,"parent":0,"menu_order":4,"comment_status":"closed","ping_status":"closed","template":"","meta":{"footnotes":""},"_links":{"self":[{"href":"https:\/\/optik-bergner.de\/index.php?rest_route=\/wp\/v2\/pages\/48"}],"collection":[{"href":"https:\/\/optik-bergner.de\/index.php?rest_route=\/wp\/v2\/pages"}],"about":[{"href":"https:\/\/optik-bergner.de\/index.php?rest_route=\/wp\/v2\/types\/page"}],"author":[{"embeddable":true,"href":"https:\/\/optik-bergner.de\/index.php?rest_route=\/wp\/v2\/users\/1"}],"replies":[{"embeddable":true,"href":"https:\/\/optik-bergner.de\/index.php?rest_route=%2Fwp%2Fv2%2Fcomments&post=48"}],"version-history":[{"count":49,"href":"https:\/\/optik-bergner.de\/index.php?rest_route=\/wp\/v2\/pages\/48\/revisions"}],"predecessor-version":[{"id":173,"href":"https:\/\/optik-bergner.de\/index.php?rest_route=\/wp\/v2\/pages\/48\/revisions\/173"}],"wp:attachment":[{"href":"https:\/\/optik-bergner.de\/index.php?rest_route=%2Fwp%2Fv2%2Fmedia&parent=48"}],"curies":[{"name":"wp","href":"https:\/\/api.w.org\/{rel}","templated":true}]}}