{"id":50,"date":"2022-06-24T17:13:27","date_gmt":"2022-06-24T17:13:27","guid":{"rendered":"https:\/\/optik-bergner.de\/?page_id=50"},"modified":"2025-04-28T08:01:28","modified_gmt":"2025-04-28T08:01:28","slug":"kontaktlinsen","status":"publish","type":"page","link":"https:\/\/optik-bergner.de\/?page_id=50","title":{"rendered":"Kontaktlinsen"},"content":{"rendered":"<div class=\"\" style=\"\" >\n    \n    <section class=\"u-clearfix u-image u-shading u-section-2\" id=\"sec-a7e2\" data-image-width=\"4000\" data-image-height=\"2250\" style=\"background-image: linear-gradient(0deg, rgba(64, 64, 64, 0.75), rgba(64, 64, 64, 0.75)), url(&quot;https:\/\/optik-bergner.de\/wp-content\/uploads\/2022\/06\/AdobeStock_273558240.jpeg&quot;);\">\n      <div class=\"u-clearfix u-sheet u-valign-middle-lg u-sheet-1\">\n        <h1 class=\"u-custom-font u-text u-text-1\" data-animation-name=\"pulse\" data-animation-duration=\"1000\" data-animation-direction=\"\">Kontaktlinsen - Freiheit des besten Sehens<\/h1>\n        <p class=\"u-text u-text-2\" data-animation-name=\"customAnimationIn\" data-animation-duration=\"1500\">Wir haben die Alternative zur Brille! Die Kontaktlinse ist\ndie optimale L\u00f6sung! Es gibt sie mittlerweile f\u00fcr nahezu jede Fehlsichtigkeit\nund sie l\u00e4sst sich dadurch perfekt in Ihren Alltag integrieren. Da kein Auge wie\ndas andere ist, passen wir Ihre Kontaktlinsen mit modernster Technologie und\nnach ihrem pers\u00f6nlichen Bedarf individuell an. Nur so wird der optimale Seh- und\nTragekomfort erreicht.&nbsp;&nbsp;<\/p>\n      <\/div>\n    <\/section>\n    <section class=\"u-clearfix u-grey-5 u-section-3\" id=\"sec-e380\">\n      <div class=\"u-clearfix u-sheet u-sheet-1\">\n        <div class=\"u-shape u-shape-svg u-text-custom-color-1 u-shape-1\" data-animation-name=\"customAnimationIn\" data-animation-duration=\"1750\" data-animation-direction=\"\">\n          <svg class=\"u-svg-link\" preserveAspectRatio=\"none\" viewBox=\"0 0 160 48\" style=\"\"><use xmlns:xlink=\"http:\/\/www.w3.org\/1999\/xlink\" xlink:href=\"#svg-9f4f\"><\/use><\/svg>\n          <svg class=\"u-svg-content\" viewBox=\"0 0 160 48\" x=\"0px\" y=\"0px\" id=\"svg-9f4f\"><path d=\"M80,9.6c7.6,0,14.1,6.6,14.1,14.4S87.6,38.4,80,38.4S65.9,31.8,65.9,24S72.4,9.6,80,9.6 M80,0C67.1,0,56.5,10.8,56.5,24\n\tS67.1,48,80,48s23.5-10.8,23.5-24S92.9,0,80,0L80,0z M136.5,9.6c7.6,0,14.1,6.6,14.1,14.4s-6.5,14.4-14.1,14.4s-14.1-6.6-14.1-14.4\n\tS128.8,9.6,136.5,9.6 M136.5,0c-12.9,0-23.5,10.8-23.5,24s10.6,24,23.5,24c12.9,0,23.5-10.8,23.5-24S149.4,0,136.5,0L136.5,0z\n\t M23.5,9.6c7.6,0,14.1,6.6,14.1,14.4s-6.5,14.4-14.1,14.4S9.4,31.8,9.4,24S15.9,9.6,23.5,9.6 M23.5,0C10.6,0,0,10.8,0,24\n\ts10.6,24,23.5,24s23.5-10.8,23.5-24S36.4,0,23.5,0L23.5,0z\"><\/path><\/svg>\n        <\/div>\n        <h2 class=\"u-align-center u-custom-font u-text u-text-1\">Ihre Schritte zur optimalen Kontaktlinse<\/h2>\n        <div class=\"u-expanded-width-md u-expanded-width-sm u-expanded-width-xs u-layout-grid u-list u-list-1\">\n          <div class=\"u-repeater u-repeater-1\">\n            <div class=\"u-align-center u-border-2 u-border-grey-75 u-container-align-center u-container-style u-custom-color-1 u-custom-item u-list-item u-repeater-item u-list-item-1\">\n              <div class=\"u-container-layout u-similar-container u-container-layout-1\"><span class=\"u-border-2 u-border-black u-custom-item u-file-icon u-icon u-icon-circle u-text-black u-icon-1\" data-animation-name=\"customAnimationIn\" data-animation-duration=\"1250\"><img decoding=\"async\" src=\"https:\/\/optik-bergner.de\/wp-content\/uploads\/2022\/06\/19.png\" alt=\"\"><\/span>\n                <h5 class=\"u-custom-font u-custom-item u-hover-feature u-text u-text-2\">Beratung und Vermessung<\/h5>\n                <p class=\"u-custom-item u-hover-feature u-text u-text-default-md u-text-default-sm u-text-default-xs u-text-custom-color-21 u-text-3\"> Wir beraten Sie individuell nach Ihren Bed\u00fcrfnissen\nund Anforderungen an die Kontaktlinse. Anschlie\u00dfend ver\u200bmessen wir Ihre\nSehst\u00e4rke, die Vorderfl\u00e4che Ihrer Hornhaut und den Tr\u00e4nenfilm. <\/p>\n              <\/div>\n            <\/div>\n            <div class=\"u-align-center u-border-2 u-border-grey-75 u-container-align-center u-container-style u-custom-item u-list-item u-repeater-item u-white u-list-item-2\">\n              <div class=\"u-container-layout u-similar-container u-container-layout-2\"><span class=\"u-border-2 u-border-black u-custom-item u-file-icon u-icon u-icon-circle u-text-black u-icon-2\" data-animation-name=\"customAnimationIn\" data-animation-duration=\"1250\"><img decoding=\"async\" src=\"https:\/\/optik-bergner.de\/wp-content\/uploads\/2022\/06\/20.png\" alt=\"\"><\/span>\n                <h5 class=\"u-custom-font u-custom-item u-hover-feature u-text u-text-4\">Anpasslinsen Probetragen<\/h5>\n                <p class=\"u-custom-item u-hover-feature u-text u-text-default-md u-text-default-sm u-text-default-xs u-text-custom-color-21 u-text-5\"> Sie bekommen von uns ein erstes Paar Probelinsen und k\u00f6nnen diese einige Zeit Probe tragen.<\/p>\n              <\/div>\n            <\/div>\n            <div class=\"u-align-center u-border-2 u-border-grey-75 u-container-align-center u-container-style u-custom-item u-list-item u-repeater-item u-white u-list-item-3\">\n              <div class=\"u-container-layout u-similar-container u-container-layout-3\"><span class=\"u-border-2 u-border-black u-custom-item u-file-icon u-icon u-icon-circle u-icon-3\" data-animation-name=\"customAnimationIn\" data-animation-duration=\"1250\"><img decoding=\"async\" src=\"https:\/\/optik-bergner.de\/wp-content\/uploads\/2022\/06\/2297132.png\" alt=\"\"><\/span>\n                <h5 class=\"u-custom-font u-custom-item u-hover-feature u-text u-text-6\">Kontrolle &amp; Optimierung<\/h5>\n                <p class=\"u-custom-item u-hover-feature u-text u-text-default-md u-text-default-sm u-text-default-xs u-text-custom-color-21 u-text-7\">Die Anpasslinsen werden von uns auf ihren Sitz und die Vertr\u00e4glichkeit kontrolliert. Gegebenenfalls wird der Satz noch einmal korrigiert.<\/p>\n              <\/div>\n            <\/div>\n            <div class=\"u-align-center u-border-2 u-border-grey-75 u-container-align-center u-container-style u-custom-color-1 u-custom-item u-list-item u-repeater-item u-list-item-4\">\n              <div class=\"u-container-layout u-similar-container u-container-layout-4\"><span class=\"u-border-2 u-border-black u-custom-item u-file-icon u-icon u-icon-circle u-icon-4\" data-animation-name=\"customAnimationIn\" data-animation-duration=\"1250\"><img decoding=\"async\" src=\"https:\/\/optik-bergner.de\/wp-content\/uploads\/2022\/06\/1692130.png\" alt=\"\"><\/span>\n                <h5 class=\"u-custom-font u-custom-item u-hover-feature u-text u-text-8\">Ihre pers\u00f6nliche Linse<\/h5>\n                <p class=\"u-custom-item u-hover-feature u-text u-text-default-md u-text-default-sm u-text-default-xs u-text-custom-color-21 u-text-9\">Sie bekommen von uns Ihre pers\u00f6nlichen Kontaktlinsen und wir stehen Ihnen weiterhin bei Fragen, der Handhabung, Pflege und Nachbetreuung, z.B. durch Kontrollen zur Verf\u00fcgung.<\/p>\n              <\/div>\n            <\/div>\n          <\/div>\n        <\/div>\n      <\/div>\n      \n      \n      \n      \n      \n      \n      \n      \n      \n      \n      \n      \n      \n      \n      \n      \n      \n    <\/section>\n    <section class=\"u-align-center u-clearfix u-container-align-center u-grey-15 u-section-4\" id=\"carousel_6cb0\">\n      <div class=\"u-clearfix u-sheet u-sheet-1\">\n        <h1 class=\"u-text u-text-default u-text-1\">Unser Kontaktlinsen-Portfolio<\/h1>\n        <div class=\"u-expanded-width u-tabs u-tabs-1\">\n          <ul class=\"u-spacing-15 u-tab-list u-unstyled\" role=\"tablist\"><li class=\"u-tab-item\" role=\"presentation\"><a class=\"active u-active-custom-color-2 u-button-style u-custom-color-1 u-tab-link u-tab-link-1\" id=\"link-tab-061e\" href=\"#tab-061e\" role=\"tab\" aria-controls=\"tab-061e\" aria-selected=\"true\">Weiche Kontaktlinsen<\/a>\n<\/li><li class=\"u-tab-item\" role=\"presentation\"><a class=\"u-active-custom-color-2 u-button-style u-custom-color-1 u-tab-link u-tab-link-2\" id=\"link-tab-d975\" href=\"#tab-d975\" role=\"tab\" aria-controls=\"tab-d975\" aria-selected=\"false\">Multifokale Kontaktlinsen<\/a>\n<\/li><li class=\"u-tab-item\" role=\"presentation\"><a class=\"u-active-custom-color-2 u-button-style u-custom-color-1 u-tab-link u-tab-link-3\" id=\"link-tab-f945\" href=\"#tab-f945\" role=\"tab\" aria-controls=\"tab-f945\" aria-selected=\"false\">Formstabile Kontaktlinsen<\/a>\n<\/li><\/ul>\n          <div class=\"u-tab-content\">\n            <div class=\"u-container-style u-tab-active u-tab-pane u-white u-tab-pane-1\" id=\"tab-061e\" role=\"tabpanel\" aria-labelledby=\"link-tab-061e\">\n              <div class=\"u-container-layout u-valign-top-xs u-container-layout-1\">\n                <img decoding=\"async\" alt=\"\" class=\"u-hover-feature u-image u-image-round u-image-1\" data-image-width=\"1920\" data-image-height=\"1280\" src=\"https:\/\/optik-bergner.de\/wp-content\/uploads\/2022\/06\/AdobeStock_226007711.jpeg\">\n                <ul class=\"u-custom-list u-text u-text-2\" data-animation-name=\"customAnimationIn\" data-animation-duration=\"1750\">\n                  <li style=\"\">\n                    <div class=\"class u-list-icon u-list-icon-1\">\n                      <svg class=\"u-svg-content\" viewBox=\"0 0 480.026 480.026\" id=\"svg-31dc\" style=\"font-size: 1.1em; margin: -1.1em;\"><g fill=\"currentColor\"><path d=\"m475.922 229.325-144-160c-3.072-3.392-7.36-5.312-11.904-5.312h-96c-6.304 0-12.032 3.712-14.624 9.472-2.56 5.792-1.504 12.544 2.72 17.216l134.368 149.312-134.368 149.28c-4.224 4.704-5.312 11.456-2.72 17.216 2.592 5.792 8.32 9.504 14.624 9.504h96c4.544 0 8.832-1.952 11.904-5.28l144-160c5.472-6.08 5.472-15.36 0-21.408z\"><\/path><path d=\"m267.922 229.325-144-160c-3.072-3.392-7.36-5.312-11.904-5.312h-96c-6.304 0-12.032 3.712-14.624 9.472-2.56 5.792-1.504 12.544 2.72 17.216l134.368 149.312-134.368 149.28c-4.224 4.704-5.312 11.456-2.72 17.216 2.592 5.792 8.32 9.504 14.624 9.504h96c4.544 0 8.832-1.952 11.904-5.28l144-160c5.472-6.08 5.472-15.36 0-21.408z\"><\/path>\n<\/g><\/svg>\n                    <\/div>Kurze Eingew\u00f6hnungszeit und gute Spontanvetr\u00e4glichkeit \n                  <\/li>\n                  <li style=\"\">\n                    <div class=\"class u-list-icon u-list-icon-2\">\n                      <svg class=\"u-svg-content\" viewBox=\"0 0 480.026 480.026\" id=\"svg-31dc\" style=\"font-size: 1.1em; margin: -1.1em;\"><g fill=\"currentColor\"><path d=\"m475.922 229.325-144-160c-3.072-3.392-7.36-5.312-11.904-5.312h-96c-6.304 0-12.032 3.712-14.624 9.472-2.56 5.792-1.504 12.544 2.72 17.216l134.368 149.312-134.368 149.28c-4.224 4.704-5.312 11.456-2.72 17.216 2.592 5.792 8.32 9.504 14.624 9.504h96c4.544 0 8.832-1.952 11.904-5.28l144-160c5.472-6.08 5.472-15.36 0-21.408z\"><\/path><path d=\"m267.922 229.325-144-160c-3.072-3.392-7.36-5.312-11.904-5.312h-96c-6.304 0-12.032 3.712-14.624 9.472-2.56 5.792-1.504 12.544 2.72 17.216l134.368 149.312-134.368 149.28c-4.224 4.704-5.312 11.456-2.72 17.216 2.592 5.792 8.32 9.504 14.624 9.504h96c4.544 0 8.832-1.952 11.904-5.28l144-160c5.472-6.08 5.472-15.36 0-21.408z\"><\/path>\n<\/g><\/svg>\n                    <\/div>Optimale L\u00f6sung beim Sport \n                  <\/li>\n                  <li style=\"\">\n                    <div class=\"class u-list-icon u-list-icon-1\">\n                      <svg class=\"u-svg-content\" viewBox=\"0 0 480.026 480.026\" id=\"svg-31dc\" style=\"font-size: 1.1em; margin: -1.1em;\"><g fill=\"currentColor\"><path d=\"m475.922 229.325-144-160c-3.072-3.392-7.36-5.312-11.904-5.312h-96c-6.304 0-12.032 3.712-14.624 9.472-2.56 5.792-1.504 12.544 2.72 17.216l134.368 149.312-134.368 149.28c-4.224 4.704-5.312 11.456-2.72 17.216 2.592 5.792 8.32 9.504 14.624 9.504h96c4.544 0 8.832-1.952 11.904-5.28l144-160c5.472-6.08 5.472-15.36 0-21.408z\"><\/path><path d=\"m267.922 229.325-144-160c-3.072-3.392-7.36-5.312-11.904-5.312h-96c-6.304 0-12.032 3.712-14.624 9.472-2.56 5.792-1.504 12.544 2.72 17.216l134.368 149.312-134.368 149.28c-4.224 4.704-5.312 11.456-2.72 17.216 2.592 5.792 8.32 9.504 14.624 9.504h96c4.544 0 8.832-1.952 11.904-5.28l144-160c5.472-6.08 5.472-15.36 0-21.408z\"><\/path>\n<\/g><\/svg>\n                    <\/div>Verschiedene Tauschsysteme erh\u00e4ltlich \n                  <\/li>\n                  <li style=\"\">\n                    <div class=\"class u-list-icon u-list-icon-1\">\n                      <svg class=\"u-svg-content\" viewBox=\"0 0 480.026 480.026\" id=\"svg-31dc\" style=\"font-size: 1.1em; margin: -1.1em;\"><g fill=\"currentColor\"><path d=\"m475.922 229.325-144-160c-3.072-3.392-7.36-5.312-11.904-5.312h-96c-6.304 0-12.032 3.712-14.624 9.472-2.56 5.792-1.504 12.544 2.72 17.216l134.368 149.312-134.368 149.28c-4.224 4.704-5.312 11.456-2.72 17.216 2.592 5.792 8.32 9.504 14.624 9.504h96c4.544 0 8.832-1.952 11.904-5.28l144-160c5.472-6.08 5.472-15.36 0-21.408z\"><\/path><path d=\"m267.922 229.325-144-160c-3.072-3.392-7.36-5.312-11.904-5.312h-96c-6.304 0-12.032 3.712-14.624 9.472-2.56 5.792-1.504 12.544 2.72 17.216l134.368 149.312-134.368 149.28c-4.224 4.704-5.312 11.456-2.72 17.216 2.592 5.792 8.32 9.504 14.624 9.504h96c4.544 0 8.832-1.952 11.904-5.28l144-160c5.472-6.08 5.472-15.36 0-21.408z\"><\/path>\n<\/g><\/svg>\n                    <\/div>F\u00fcr nahezu jede Fehlsichtigkeit erh\u00e4ltlich \n                  <\/li>\n                <\/ul>\n                <a href=\"https:\/\/buchungv2.opaservice.de\/(S(prk4hnh40vwvzbxmbdlwrchp))\/default.aspx?k=0435\" class=\"u-btn u-btn-round u-button-style u-custom-color-1 u-hover-custom-color-2 u-radius-50 u-btn-1\" target=\"_blank\" data-animation-name=\"customAnimationIn\" data-animation-duration=\"1000\" data-animation-direction=\"\">Beratungstermin Vereinbaren<\/a>\n              <\/div>\n            <\/div>\n            <div class=\"u-container-style u-tab-pane u-white u-tab-pane-2\" id=\"tab-d975\" role=\"tabpanel\" aria-labelledby=\"link-tab-d975\">\n              <div class=\"u-container-layout u-container-layout-2\">\n                <img decoding=\"async\" alt=\"\" class=\"u-expanded-width-xs u-hover-feature u-image u-image-round u-image-2\" data-image-width=\"1920\" data-image-height=\"1279\" src=\"https:\/\/optik-bergner.de\/wp-content\/uploads\/2022\/06\/AdobeStock_297414982.jpeg\">\n                <ul class=\"u-custom-list u-text u-text-3\" data-animation-name=\"customAnimationIn\" data-animation-duration=\"1750\">\n                  <li style=\"\">\n                    <div class=\"class u-list-icon u-list-icon-5\">\n                      <svg class=\"u-svg-content\" viewBox=\"0 0 480.026 480.026\" id=\"svg-31dc\" style=\"font-size: 1.1em; margin: -1.1em;\"><g fill=\"currentColor\"><path d=\"m475.922 229.325-144-160c-3.072-3.392-7.36-5.312-11.904-5.312h-96c-6.304 0-12.032 3.712-14.624 9.472-2.56 5.792-1.504 12.544 2.72 17.216l134.368 149.312-134.368 149.28c-4.224 4.704-5.312 11.456-2.72 17.216 2.592 5.792 8.32 9.504 14.624 9.504h96c4.544 0 8.832-1.952 11.904-5.28l144-160c5.472-6.08 5.472-15.36 0-21.408z\"><\/path><path d=\"m267.922 229.325-144-160c-3.072-3.392-7.36-5.312-11.904-5.312h-96c-6.304 0-12.032 3.712-14.624 9.472-2.56 5.792-1.504 12.544 2.72 17.216l134.368 149.312-134.368 149.28c-4.224 4.704-5.312 11.456-2.72 17.216 2.592 5.792 8.32 9.504 14.624 9.504h96c4.544 0 8.832-1.952 11.904-5.28l144-160c5.472-6.08 5.472-15.36 0-21.408z\"><\/path>\n<\/g><\/svg>\n                    <\/div>Gleitsichtlinsen f\u00fcr ein besseres Sehen in allen Entfernungen\n                  <\/li>\n                  <li style=\"\">\n                    <div class=\"class u-list-icon u-list-icon-6\">\n                      <svg class=\"u-svg-content\" viewBox=\"0 0 480.026 480.026\" id=\"svg-31dc\" style=\"font-size: 1.1em; margin: -1.1em;\"><g fill=\"currentColor\"><path d=\"m475.922 229.325-144-160c-3.072-3.392-7.36-5.312-11.904-5.312h-96c-6.304 0-12.032 3.712-14.624 9.472-2.56 5.792-1.504 12.544 2.72 17.216l134.368 149.312-134.368 149.28c-4.224 4.704-5.312 11.456-2.72 17.216 2.592 5.792 8.32 9.504 14.624 9.504h96c4.544 0 8.832-1.952 11.904-5.28l144-160c5.472-6.08 5.472-15.36 0-21.408z\"><\/path><path d=\"m267.922 229.325-144-160c-3.072-3.392-7.36-5.312-11.904-5.312h-96c-6.304 0-12.032 3.712-14.624 9.472-2.56 5.792-1.504 12.544 2.72 17.216l134.368 149.312-134.368 149.28c-4.224 4.704-5.312 11.456-2.72 17.216 2.592 5.792 8.32 9.504 14.624 9.504h96c4.544 0 8.832-1.952 11.904-5.28l144-160c5.472-6.08 5.472-15.36 0-21.408z\"><\/path>\n<\/g><\/svg>\n                    <\/div>Verschiedene Tauschsysteme erh\u00e4ltlich (weiche und formstabile L\u00f6sungen m\u00f6glich) \n                  <\/li>\n                <\/ul>\n                <a href=\"https:\/\/buchungv2.opaservice.de\/(S(prk4hnh40vwvzbxmbdlwrchp))\/default.aspx?k=0435\" class=\"u-btn u-btn-round u-button-style u-custom-color-1 u-hover-custom-color-2 u-radius-50 u-btn-2\" target=\"_blank\" data-animation-name=\"customAnimationIn\" data-animation-duration=\"1000\" data-animation-direction=\"\">Beratungstermin Vereinbaren<\/a>\n              <\/div>\n            <\/div>\n            <div class=\"u-container-style u-tab-pane u-white u-tab-pane-3\" id=\"tab-f945\" role=\"tabpanel\" aria-labelledby=\"link-tab-f945\">\n              <div class=\"u-container-layout u-container-layout-3\">\n                <img decoding=\"async\" alt=\"\" class=\"u-expanded-width-xs u-hover-feature u-image u-image-round u-image-3\" data-image-width=\"1920\" data-image-height=\"1295\" src=\"https:\/\/optik-bergner.de\/wp-content\/uploads\/2022\/06\/AdobeStock_232435222.jpeg\">\n                <ul class=\"u-custom-list u-text u-text-4\" data-animation-name=\"customAnimationIn\" data-animation-duration=\"1750\" data-animation-direction=\"\">\n                  <li style=\"\">\n                    <div class=\"class u-list-icon u-list-icon-7\">\n                      <svg class=\"u-svg-content\" viewBox=\"0 0 480.026 480.026\" id=\"svg-31dc\" style=\"font-size: 1.1em; margin: -1.1em;\"><g fill=\"currentColor\"><path d=\"m475.922 229.325-144-160c-3.072-3.392-7.36-5.312-11.904-5.312h-96c-6.304 0-12.032 3.712-14.624 9.472-2.56 5.792-1.504 12.544 2.72 17.216l134.368 149.312-134.368 149.28c-4.224 4.704-5.312 11.456-2.72 17.216 2.592 5.792 8.32 9.504 14.624 9.504h96c4.544 0 8.832-1.952 11.904-5.28l144-160c5.472-6.08 5.472-15.36 0-21.408z\"><\/path><path d=\"m267.922 229.325-144-160c-3.072-3.392-7.36-5.312-11.904-5.312h-96c-6.304 0-12.032 3.712-14.624 9.472-2.56 5.792-1.504 12.544 2.72 17.216l134.368 149.312-134.368 149.28c-4.224 4.704-5.312 11.456-2.72 17.216 2.592 5.792 8.32 9.504 14.624 9.504h96c4.544 0 8.832-1.952 11.904-5.28l144-160c5.472-6.08 5.472-15.36 0-21.408z\"><\/path>\n<\/g><\/svg>\n                    <\/div>Angenehmste &amp; ges\u00fcndeste Art der Kontaktlinsenversorgung \n                  <\/li>\n                  <li style=\"\">\n                    <div class=\"class u-list-icon u-list-icon-8\">\n                      <svg class=\"u-svg-content\" viewBox=\"0 0 480.026 480.026\" id=\"svg-31dc\" style=\"font-size: 1.1em; margin: -1.1em;\"><g fill=\"currentColor\"><path d=\"m475.922 229.325-144-160c-3.072-3.392-7.36-5.312-11.904-5.312h-96c-6.304 0-12.032 3.712-14.624 9.472-2.56 5.792-1.504 12.544 2.72 17.216l134.368 149.312-134.368 149.28c-4.224 4.704-5.312 11.456-2.72 17.216 2.592 5.792 8.32 9.504 14.624 9.504h96c4.544 0 8.832-1.952 11.904-5.28l144-160c5.472-6.08 5.472-15.36 0-21.408z\"><\/path><path d=\"m267.922 229.325-144-160c-3.072-3.392-7.36-5.312-11.904-5.312h-96c-6.304 0-12.032 3.712-14.624 9.472-2.56 5.792-1.504 12.544 2.72 17.216l134.368 149.312-134.368 149.28c-4.224 4.704-5.312 11.456-2.72 17.216 2.592 5.792 8.32 9.504 14.624 9.504h96c4.544 0 8.832-1.952 11.904-5.28l144-160c5.472-6.08 5.472-15.36 0-21.408z\"><\/path>\n<\/g><\/svg>\n                    <\/div>Lange Tauschrythmen mit bis zu zwei Jahren \n                  <\/li>\n                <\/ul>\n                <a href=\"https:\/\/buchungv2.opaservice.de\/(S(prk4hnh40vwvzbxmbdlwrchp))\/default.aspx?k=0435\" class=\"u-btn u-btn-round u-button-style u-custom-color-1 u-hover-custom-color-2 u-radius-50 u-btn-3\" target=\"_blank\" data-animation-name=\"customAnimationIn\" data-animation-duration=\"1000\" data-animation-direction=\"\">Beratungstermin Vereinbaren<\/a>\n              <\/div>\n            <\/div>\n          <\/div>\n        <\/div>\n      <\/div>\n      \n      \n      \n      \n    <\/section>\n    <section class=\"u-align-left u-clearfix u-container-align-left u-grey-5 u-section-5\" id=\"carousel_d701\">\n      <div class=\"u-clearfix u-sheet u-sheet-1\">\n        <h2 class=\"u-custom-font u-font-georgia u-text u-text-default u-text-1\" data-animation-name=\"customAnimationIn\" data-animation-duration=\"1000\">Unsere Kontaktlinsen Flatrate<\/h2>\n        <p class=\"u-text u-text-2\" data-animation-name=\"customAnimationIn\" data-animation-duration=\"1000\">F\u00fcr die perfekte Versorgung und Kontrolle Ihrer individuellen Kontaktlinsen bieten wir Ihnen unsere Kontaktlinsenflatrate<\/p>\n        <div class=\"u-expanded-width u-list u-list-1\">\n          <div class=\"u-repeater u-repeater-1\">\n            <div class=\"u-align-left u-container-align-left u-container-style u-list-item u-repeater-item u-white u-list-item-1\">\n              <div class=\"u-container-layout u-similar-container u-container-layout-1\"><span class=\"u-border-2 u-border-custom-color-1 u-custom-item u-file-icon u-icon u-icon-circle u-text-custom-color-1 u-icon-1\" data-animation-name=\"tada\" data-animation-duration=\"1000\" data-animation-direction=\"\"><img decoding=\"async\" src=\"https:\/\/optik-bergner.de\/wp-content\/uploads\/2022\/06\/21.png\" alt=\"\"><\/span>\n                <h5 class=\"u-custom-font u-font-georgia u-text u-text-3\" data-animation-name=\"pulse\" data-animation-duration=\"1250\" data-animation-delay=\"0\" data-animation-direction=\"\"> Kontaklinsen und Pflegemittel inklusive<\/h5>\n              <\/div>\n            <\/div>\n            <div class=\"u-align-left u-container-align-left u-container-style u-list-item u-repeater-item u-white u-list-item-2\">\n              <div class=\"u-container-layout u-similar-container u-container-layout-2\"><span class=\"u-border-2 u-border-custom-color-1 u-custom-item u-file-icon u-icon u-icon-circle u-text-custom-color-1 u-icon-2\" data-animation-name=\"tada\" data-animation-duration=\"1000\" data-animation-direction=\"\" data-animation-delay=\"500\"><img decoding=\"async\" src=\"https:\/\/optik-bergner.de\/wp-content\/uploads\/2022\/06\/21.png\" alt=\"\"><\/span>\n                <h5 class=\"u-custom-font u-font-georgia u-text u-text-4\" data-animation-name=\"pulse\" data-animation-duration=\"1250\" data-animation-delay=\"0\" data-animation-direction=\"\"> Wichtige halbj\u00e4hrliche Kontrolle mit Pr\u00fcfung des Sitzes und Ihrer Augen<\/h5>\n              <\/div>\n            <\/div>\n            <div class=\"u-align-left u-container-align-left u-container-style u-list-item u-repeater-item u-white u-list-item-3\">\n              <div class=\"u-container-layout u-similar-container u-container-layout-3\"><span class=\"u-border-2 u-border-custom-color-1 u-custom-item u-file-icon u-icon u-icon-circle u-text-custom-color-1 u-icon-3\" data-animation-name=\"tada\" data-animation-duration=\"1000\" data-animation-direction=\"\" data-animation-delay=\"1000\"><img decoding=\"async\" src=\"https:\/\/optik-bergner.de\/wp-content\/uploads\/2022\/06\/21.png\" alt=\"\"><\/span>\n                <h5 class=\"u-custom-font u-font-georgia u-text u-text-5\" data-animation-name=\"pulse\" data-animation-duration=\"1250\" data-animation-delay=\"0\" data-animation-direction=\"\"> Kostenloser Ersatz bei Verlust oder Defekt der Kontaktlinse<\/h5>\n              <\/div>\n            <\/div>\n            <div class=\"u-align-left u-container-align-left u-container-style u-list-item u-repeater-item u-white u-list-item-4\">\n              <div class=\"u-container-layout u-similar-container u-container-layout-4\"><span class=\"u-border-2 u-border-custom-color-1 u-custom-item u-file-icon u-icon u-icon-circle u-text-custom-color-1 u-icon-4\" data-animation-name=\"tada\" data-animation-duration=\"1000\" data-animation-direction=\"\" data-animation-delay=\"1500\"><img decoding=\"async\" src=\"https:\/\/optik-bergner.de\/wp-content\/uploads\/2022\/06\/21.png\" alt=\"\"><\/span>\n                <h5 class=\"u-custom-font u-font-georgia u-text u-text-6\" data-animation-name=\"pulse\" data-animation-duration=\"1250\" data-animation-delay=\"0\" data-animation-direction=\"\">Wertgutschein \u00fcber 1,5 Monatsbeitr\u00e4ge pro Jahr - individuell einl\u00f6sbar <\/h5>\n              <\/div>\n            <\/div>\n          <\/div>\n        <\/div>\n        <a href=\"https:\/\/buchungv2.opaservice.de\/(S(prk4hnh40vwvzbxmbdlwrchp))\/default.aspx?k=0435\" class=\"u-btn u-btn-round u-button-style u-custom-color-1 u-hover-custom-color-2 u-radius-50 u-btn-1\" target=\"_blank\" data-animation-name=\"customAnimationIn\" data-animation-duration=\"1000\">Beratungstermin vereinbaren<\/a>\n      <\/div>\n    <\/section>\n    \n    \n    \n  \n<\/div>","protected":false},"excerpt":{"rendered":"<p>Kontaktlinsen &#8211; Freiheit des besten Sehens Wir haben die Alternative zur Brille! Die Kontaktlinse ist die optimale L\u00f6sung! Es gibt sie mittlerweile f\u00fcr nahezu jede Fehlsichtigkeit und sie l\u00e4sst sich dadurch perfekt in Ihren Alltag integrieren. Da kein Auge wie das andere ist, passen wir Ihre Kontaktlinsen mit modernster Technologie und nach ihrem pers\u00f6nlichen Bedarf [&hellip;]<\/p>\n","protected":false},"author":1,"featured_media":0,"parent":0,"menu_order":6,"comment_status":"closed","ping_status":"closed","template":"","meta":{"footnotes":""},"_links":{"self":[{"href":"https:\/\/optik-bergner.de\/index.php?rest_route=\/wp\/v2\/pages\/50"}],"collection":[{"href":"https:\/\/optik-bergner.de\/index.php?rest_route=\/wp\/v2\/pages"}],"about":[{"href":"https:\/\/optik-bergner.de\/index.php?rest_route=\/wp\/v2\/types\/page"}],"author":[{"embeddable":true,"href":"https:\/\/optik-bergner.de\/index.php?rest_route=\/wp\/v2\/users\/1"}],"replies":[{"embeddable":true,"href":"https:\/\/optik-bergner.de\/index.php?rest_route=%2Fwp%2Fv2%2Fcomments&post=50"}],"version-history":[{"count":4,"href":"https:\/\/optik-bergner.de\/index.php?rest_route=\/wp\/v2\/pages\/50\/revisions"}],"predecessor-version":[{"id":154,"href":"https:\/\/optik-bergner.de\/index.php?rest_route=\/wp\/v2\/pages\/50\/revisions\/154"}],"wp:attachment":[{"href":"https:\/\/optik-bergner.de\/index.php?rest_route=%2Fwp%2Fv2%2Fmedia&parent=50"}],"curies":[{"name":"wp","href":"https:\/\/api.w.org\/{rel}","templated":true}]}}